{"id":20,"date":"2014-09-28T07:27:53","date_gmt":"2014-09-28T07:27:53","guid":{"rendered":"http:\/\/brustholmarna.se\/?page_id=20"},"modified":"2025-03-24T13:20:21","modified_gmt":"2025-03-24T13:20:21","slug":"kalender","status":"publish","type":"page","link":"https:\/\/brustholmarna.se\/?page_id=20","title":{"rendered":"Kalender GMS 2025"},"content":{"rendered":"\n<h2 class=\"wp-block-heading\"><\/h2>\n\n\n\n<p>\u00c5rsm\u00f6te Onsdag 9 april<br>Arbetshelg L\u00f6-S\u00f6 10-11 maj<br>Arbetshelg L\u00f6-S\u00f6 24-25 maj<br>Invigning L\u00f6rdag 31 maj<br>Midsommar Fredag 20 juni<br>Skaldjursfest L\u00f6rdag 16 augusti<br>Arbetshelg L\u00f6-S\u00f6 20-21 september<br>H\u00f6stm\u00f6te Onsdag 15 oktober<br>Ev. vinteraktivitet Fredag 28 november<\/p>\n\n\n\n<div class=\"wp-block-file\"><a id=\"wp-block-file--media-d4230bad-e3a8-4283-b5c6-27e6aceeb32b\" href=\"https:\/\/brustholmarna.se\/wp-content\/uploads\/2025\/03\/GMS_2025-Calendar.ics\">GMS_2025-Calendar<\/a><a href=\"https:\/\/brustholmarna.se\/wp-content\/uploads\/2025\/03\/GMS_2025-Calendar.ics\" class=\"wp-block-file__button wp-element-button\" download aria-describedby=\"wp-block-file--media-d4230bad-e3a8-4283-b5c6-27e6aceeb32b\">Download<\/a><\/div>\n\n\n\n<figure class=\"wp-block-image size-large\"><img loading=\"lazy\" decoding=\"async\" width=\"1024\" height=\"683\" data-attachment-id=\"2534\" data-permalink=\"https:\/\/brustholmarna.se\/?attachment_id=2534\" data-orig-file=\"https:\/\/brustholmarna.se\/wp-content\/uploads\/2020\/01\/2018-05-25_2035_156259-1.jpg\" data-orig-size=\"1200,800\" data-comments-opened=\"1\" data-image-meta=\"{&quot;aperture&quot;:&quot;0&quot;,&quot;credit&quot;:&quot;&quot;,&quot;camera&quot;:&quot;&quot;,&quot;caption&quot;:&quot;&quot;,&quot;created_timestamp&quot;:&quot;0&quot;,&quot;copyright&quot;:&quot;&quot;,&quot;focal_length&quot;:&quot;0&quot;,&quot;iso&quot;:&quot;0&quot;,&quot;shutter_speed&quot;:&quot;0&quot;,&quot;title&quot;:&quot;&quot;,&quot;orientation&quot;:&quot;0&quot;}\" data-image-title=\"2018-05-25_2035_156259\" data-image-description=\"\" data-image-caption=\"\" data-medium-file=\"https:\/\/brustholmarna.se\/wp-content\/uploads\/2020\/01\/2018-05-25_2035_156259-1-300x200.jpg\" data-large-file=\"https:\/\/brustholmarna.se\/wp-content\/uploads\/2020\/01\/2018-05-25_2035_156259-1-1024x683.jpg\" src=\"http:\/\/brustholmarna.se\/wp-content\/uploads\/2020\/01\/2018-05-25_2035_156259-1-1024x683.jpg\" alt=\"\" class=\"wp-image-2534\" srcset=\"https:\/\/brustholmarna.se\/wp-content\/uploads\/2020\/01\/2018-05-25_2035_156259-1-1024x683.jpg 1024w, https:\/\/brustholmarna.se\/wp-content\/uploads\/2020\/01\/2018-05-25_2035_156259-1-300x200.jpg 300w, https:\/\/brustholmarna.se\/wp-content\/uploads\/2020\/01\/2018-05-25_2035_156259-1-768x512.jpg 768w, https:\/\/brustholmarna.se\/wp-content\/uploads\/2020\/01\/2018-05-25_2035_156259-1-450x300.jpg 450w, https:\/\/brustholmarna.se\/wp-content\/uploads\/2020\/01\/2018-05-25_2035_156259-1-272x182.jpg 272w, https:\/\/brustholmarna.se\/wp-content\/uploads\/2020\/01\/2018-05-25_2035_156259-1.jpg 1200w\" sizes=\"auto, (max-width: 1024px) 100vw, 1024px\" \/><\/figure>\n","protected":false},"excerpt":{"rendered":"<p>\u00c5rsm\u00f6te Onsdag 9 aprilArbetshelg L\u00f6-S\u00f6 10-11 majArbetshelg L\u00f6-S\u00f6 24-25 majInvigning L\u00f6rdag 31 majMidsommar Fredag 20 juniSkaldjursfest L\u00f6rdag 16 augustiArbetshelg L\u00f6-S\u00f6 20-21 septemberH\u00f6stm\u00f6te Onsdag 15 oktoberEv. vinteraktivitet Fredag 28 november<\/p>\n","protected":false},"author":1,"featured_media":0,"parent":0,"menu_order":0,"comment_status":"closed","ping_status":"closed","template":"","meta":{"ngg_post_thumbnail":0,"footnotes":""},"class_list":["post-20","page","type-page","status-publish","hentry"],"jetpack_sharing_enabled":true,"jetpack_likes_enabled":true,"_links":{"self":[{"href":"https:\/\/brustholmarna.se\/index.php?rest_route=\/wp\/v2\/pages\/20","targetHints":{"allow":["GET"]}}],"collection":[{"href":"https:\/\/brustholmarna.se\/index.php?rest_route=\/wp\/v2\/pages"}],"about":[{"href":"https:\/\/brustholmarna.se\/index.php?rest_route=\/wp\/v2\/types\/page"}],"author":[{"embeddable":true,"href":"https:\/\/brustholmarna.se\/index.php?rest_route=\/wp\/v2\/users\/1"}],"replies":[{"embeddable":true,"href":"https:\/\/brustholmarna.se\/index.php?rest_route=%2Fwp%2Fv2%2Fcomments&post=20"}],"version-history":[{"count":42,"href":"https:\/\/brustholmarna.se\/index.php?rest_route=\/wp\/v2\/pages\/20\/revisions"}],"predecessor-version":[{"id":3056,"href":"https:\/\/brustholmarna.se\/index.php?rest_route=\/wp\/v2\/pages\/20\/revisions\/3056"}],"wp:attachment":[{"href":"https:\/\/brustholmarna.se\/index.php?rest_route=%2Fwp%2Fv2%2Fmedia&parent=20"}],"curies":[{"name":"wp","href":"https:\/\/api.w.org\/{rel}","templated":true}]}}